{"id":1234,"date":"2022-06-20T16:25:41","date_gmt":"2022-06-20T16:25:41","guid":{"rendered":"https:\/\/www.hondarribianjazz.eus\/?page_id=1234"},"modified":"2022-06-27T17:20:41","modified_gmt":"2022-06-27T17:20:41","slug":"venta-de-entradas","status":"publish","type":"page","link":"https:\/\/www.hondarribianjazz.eus\/es\/venta-de-entradas\/","title":{"rendered":"Venta de entradas"},"content":{"rendered":"<p>[et_pb_section fb_built=\u00bb1&#8243; _builder_version=\u00bb4.17.4&#8243; _module_preset=\u00bbdefault\u00bb global_colors_info=\u00bb{}\u00bb][et_pb_row _builder_version=\u00bb4.17.4&#8243; _module_preset=\u00bbdefault\u00bb global_colors_info=\u00bb{}\u00bb][et_pb_column type=\u00bb4_4&#8243; _builder_version=\u00bb4.17.4&#8243; _module_preset=\u00bbdefault\u00bb global_colors_info=\u00bb{}\u00bb][et_pb_text _builder_version=\u00bb4.17.4&#8243; _module_preset=\u00bbdefault\u00bb header_text_align=\u00bbcenter\u00bb header_text_color=\u00bb#00132B\u00bb global_colors_info=\u00bb{}\u00bb]<\/p>\n<h1>Venta de entradas<\/h1>\n<p>[\/et_pb_text][et_pb_text disabled_on=\u00bbon|on|on\u00bb _builder_version=\u00bb4.17.4&#8243; _module_preset=\u00bbdefault\u00bb text_orientation=\u00bbcenter\u00bb disabled=\u00bbon\u00bb global_colors_info=\u00bb{}\u00bb]<\/p>\n<div>En los pr\u00f3ximos d\u00edas habilitaremos la venta de entradas. Deja aqu\u00ed tu correo para que te informemos en cuanto est\u00e9n disponibles.<\/div>\n<div><\/div>\n<div><strong>\u00a1Te esperamos en\u00a0Hondarribian Jazz!<\/strong><\/div>\n<p>[\/et_pb_text][et_pb_contact_form email=\u00bbinfo@hondarribianjazz.eus\u00bb disabled_on=\u00bbon|on|on\u00bb _builder_version=\u00bb4.17.4&#8243; _module_preset=\u00bbdefault\u00bb _unique_id=\u00bb115405b8-c107-4783-9ee1-6956e21b7e5a\u00bb disabled=\u00bbon\u00bb global_colors_info=\u00bb{}\u00bb][et_pb_contact_field field_id=\u00bbName\u00bb field_title=\u00bbNombre\u00bb _builder_version=\u00bb4.16&#8243; global_colors_info=\u00bb{}\u00bb button_text_size__hover_enabled=\u00bboff\u00bb button_one_text_size__hover_enabled=\u00bboff\u00bb button_two_text_size__hover_enabled=\u00bboff\u00bb button_text_color__hover_enabled=\u00bboff\u00bb button_one_text_color__hover_enabled=\u00bboff\u00bb button_two_text_color__hover_enabled=\u00bboff\u00bb button_border_width__hover_enabled=\u00bboff\u00bb button_one_border_width__hover_enabled=\u00bboff\u00bb button_two_border_width__hover_enabled=\u00bboff\u00bb button_border_color__hover_enabled=\u00bboff\u00bb button_one_border_color__hover_enabled=\u00bboff\u00bb button_two_border_color__hover_enabled=\u00bboff\u00bb button_border_radius__hover_enabled=\u00bboff\u00bb button_one_border_radius__hover_enabled=\u00bboff\u00bb button_two_border_radius__hover_enabled=\u00bboff\u00bb button_letter_spacing__hover_enabled=\u00bboff\u00bb button_one_letter_spacing__hover_enabled=\u00bboff\u00bb button_two_letter_spacing__hover_enabled=\u00bboff\u00bb button_bg_color__hover_enabled=\u00bboff\u00bb button_one_bg_color__hover_enabled=\u00bboff\u00bb button_two_bg_color__hover_enabled=\u00bboff\u00bb][\/et_pb_contact_field][et_pb_contact_field field_id=\u00bbEmail\u00bb field_title=\u00bbDirecci\u00f3n de correo electr\u00f3nico\u00bb field_type=\u00bbemail\u00bb _builder_version=\u00bb4.16&#8243; global_colors_info=\u00bb{}\u00bb button_text_size__hover_enabled=\u00bboff\u00bb button_one_text_size__hover_enabled=\u00bboff\u00bb button_two_text_size__hover_enabled=\u00bboff\u00bb button_text_color__hover_enabled=\u00bboff\u00bb button_one_text_color__hover_enabled=\u00bboff\u00bb button_two_text_color__hover_enabled=\u00bboff\u00bb button_border_width__hover_enabled=\u00bboff\u00bb button_one_border_width__hover_enabled=\u00bboff\u00bb button_two_border_width__hover_enabled=\u00bboff\u00bb button_border_color__hover_enabled=\u00bboff\u00bb button_one_border_color__hover_enabled=\u00bboff\u00bb button_two_border_color__hover_enabled=\u00bboff\u00bb button_border_radius__hover_enabled=\u00bboff\u00bb button_one_border_radius__hover_enabled=\u00bboff\u00bb button_two_border_radius__hover_enabled=\u00bboff\u00bb button_letter_spacing__hover_enabled=\u00bboff\u00bb button_one_letter_spacing__hover_enabled=\u00bboff\u00bb button_two_letter_spacing__hover_enabled=\u00bboff\u00bb button_bg_color__hover_enabled=\u00bboff\u00bb button_one_bg_color__hover_enabled=\u00bboff\u00bb button_two_bg_color__hover_enabled=\u00bboff\u00bb][\/et_pb_contact_field][et_pb_contact_field field_id=\u00bbaviso_legal\u00bb field_title=\u00bb \u00bb field_type=\u00bbcheckbox\u00bb checkbox_options=\u00bb%91{%22value%22:%22He leido y acepto la pol\u00edtica de privacidad%22,%22checked%22:0,%22dragID%22:-1,%22link_url%22:%22https:\/\/www.hondarribianjazz.eus\/es\/privacidad\/%22}%93&#8243; fullwidth_field=\u00bbon\u00bb _builder_version=\u00bb4.17.4&#8243; _module_preset=\u00bbdefault\u00bb global_colors_info=\u00bb{}\u00bb][\/et_pb_contact_field][\/et_pb_contact_form][et_pb_text _builder_version=\u00bb4.17.4&#8243; _module_preset=\u00bbdefault\u00bb hover_enabled=\u00bb0&#8243; sticky_enabled=\u00bb0&#8243; header_2_text_align=\u00bbcenter\u00bb]<\/p>\n<h2>Abono Itsas Etxea Hondarribian Jazz<\/h2>\n<p>[\/et_pb_text][et_pb_button button_url=\u00bbhttps:\/\/tickets.kutxabank.es\/#\/es\/detalle\/UZTAJAZZAB@Janto_KB\/ITSAS\u00bb button_text=\u00bbComprar Abono Itsas Etxea &#8211; 7,8 y 9 Julio 21:30 (James Francies, Viktorija Pilatovic y Diego Amador)\u00bb button_alignment=\u00bbcenter\u00bb _builder_version=\u00bb4.17.4&#8243; _module_preset=\u00bbdefault\u00bb hover_enabled=\u00bb0&#8243; custom_css_main_element=\u00bbwidth:100%;\u00bb global_colors_info=\u00bb{}\u00bb sticky_enabled=\u00bb0&#8243; custom_margin=\u00bb||40px|||\u00bb][\/et_pb_button][et_pb_text _builder_version=\u00bb4.17.4&#8243; _module_preset=\u00bbdefault\u00bb hover_enabled=\u00bb0&#8243; sticky_enabled=\u00bb0&#8243; header_2_text_align=\u00bbcenter\u00bb]<\/p>\n<h2>Entradas<\/h2>\n<p>[\/et_pb_text][\/et_pb_column][\/et_pb_row][et_pb_row _builder_version=\u00bb4.17.4&#8243; _module_preset=\u00bbdefault\u00bb column_structure=\u00bb1_3,1_3,1_3&#8243; custom_padding=\u00bb0px||||false|false\u00bb hover_enabled=\u00bb0&#8243; sticky_enabled=\u00bb0&#8243;][et_pb_column _builder_version=\u00bb4.17.4&#8243; _module_preset=\u00bbdefault\u00bb type=\u00bb1_3&#8243;][et_pb_button button_url=\u00bbhttps:\/\/tickets.kutxabank.es\/#\/es\/detalle\/UZTAJAZZ1@Janto_KB\/ITSAS\u00bb button_text=\u00bbComprar entrada &#8211; 7 Julio 21:30 &#8211; James Francies (Itsas Etxea)\u00bb button_alignment=\u00bbcenter\u00bb _builder_version=\u00bb4.17.4&#8243; _module_preset=\u00bbdefault\u00bb hover_enabled=\u00bb0&#8243; custom_css_main_element=\u00bbwidth:100%;\u00bb global_colors_info=\u00bb{}\u00bb sticky_enabled=\u00bb0&#8243;][\/et_pb_button][\/et_pb_column][et_pb_column _builder_version=\u00bb4.17.4&#8243; _module_preset=\u00bbdefault\u00bb type=\u00bb1_3&#8243;][et_pb_button button_url=\u00bbhttps:\/\/tickets.kutxabank.es\/#\/es\/detalle\/UZTAJAZZ2@Janto_KB\/ITSAS\u00bb button_text=\u00bbComprar entrada &#8211; 8 Julio 21:30 &#8211; Viktorija Pilatovic (Itsas Etxea)\u00bb button_alignment=\u00bbcenter\u00bb _builder_version=\u00bb4.17.4&#8243; _module_preset=\u00bbdefault\u00bb hover_enabled=\u00bb0&#8243; custom_css_main_element=\u00bbwidth:100%;\u00bb global_colors_info=\u00bb{}\u00bb sticky_enabled=\u00bb0&#8243;][\/et_pb_button][\/et_pb_column][et_pb_column _builder_version=\u00bb4.17.4&#8243; _module_preset=\u00bbdefault\u00bb type=\u00bb1_3&#8243;][et_pb_button button_url=\u00bbhttps:\/\/tickets.kutxabank.es\/#\/es\/detalle\/UZTAJAZZ3@Janto_KB\/ITSAS\u00bb button_text=\u00bbComprar entrada &#8211; 9 Julio 21:30 &#8211; Diego Amador (Itsas Etxea)\u00bb button_alignment=\u00bbcenter\u00bb _builder_version=\u00bb4.17.4&#8243; _module_preset=\u00bbdefault\u00bb hover_enabled=\u00bb0&#8243; custom_css_main_element=\u00bbwidth:100%;\u00bb global_colors_info=\u00bb{}\u00bb sticky_enabled=\u00bb0&#8243;][\/et_pb_button][\/et_pb_column][\/et_pb_row][\/et_pb_section]<\/p>\n","protected":false},"excerpt":{"rendered":"<p>Venta de entradasEn los pr\u00f3ximos d\u00edas habilitaremos la venta de entradas. Deja aqu\u00ed tu correo para que te informemos en cuanto est\u00e9n disponibles. \u00a1Te esperamos en\u00a0Hondarribian Jazz!Abono Itsas Etxea Hondarribian JazzEntradas<\/p>\n","protected":false},"author":1,"featured_media":0,"parent":0,"menu_order":0,"comment_status":"closed","ping_status":"closed","template":"","meta":{"_et_pb_use_builder":"on","_et_pb_old_content":"","_et_gb_content_width":"","_mi_skip_tracking":false},"acf":[],"yoast_head":"<!-- This site is optimized with the Yoast SEO plugin v19.2 - https:\/\/yoast.com\/wordpress\/plugins\/seo\/ -->\n<title>Venta de entradas - Hondarribian Jazz<\/title>\n<meta name=\"robots\" content=\"index, follow, max-snippet:-1, max-image-preview:large, max-video-preview:-1\" \/>\n<link rel=\"canonical\" href=\"https:\/\/www.hondarribianjazz.eus\/es\/venta-de-entradas\/\" \/>\n<meta property=\"og:locale\" content=\"es_ES\" \/>\n<meta property=\"og:type\" content=\"article\" \/>\n<meta property=\"og:title\" content=\"Venta de entradas - Hondarribian Jazz\" \/>\n<meta property=\"og:description\" content=\"Venta de entradasEn los pr\u00f3ximos d\u00edas habilitaremos la venta de entradas. Deja aqu\u00ed tu correo para que te informemos en cuanto est\u00e9n disponibles. \u00a1Te esperamos en\u00a0Hondarribian Jazz!Abono Itsas Etxea Hondarribian JazzEntradas\" \/>\n<meta property=\"og:url\" content=\"https:\/\/www.hondarribianjazz.eus\/es\/venta-de-entradas\/\" \/>\n<meta property=\"og:site_name\" content=\"Hondarribian Jazz\" \/>\n<meta property=\"article:modified_time\" content=\"2022-06-27T17:20:41+00:00\" \/>\n<meta name=\"author\" content=\"admin\" \/>\n<meta name=\"twitter:card\" content=\"summary_large_image\" \/>\n<script type=\"application\/ld+json\" class=\"yoast-schema-graph\">{\"@context\":\"https:\/\/schema.org\",\"@graph\":[{\"@type\":\"WebSite\",\"@id\":\"https:\/\/www.hondarribianjazz.eus\/eu\/#website\",\"url\":\"https:\/\/www.hondarribianjazz.eus\/eu\/\",\"name\":\"Hondarribian Jazz\",\"description\":\"\",\"potentialAction\":[{\"@type\":\"SearchAction\",\"target\":{\"@type\":\"EntryPoint\",\"urlTemplate\":\"https:\/\/www.hondarribianjazz.eus\/eu\/?s={search_term_string}\"},\"query-input\":\"required name=search_term_string\"}],\"inLanguage\":\"es\"},{\"@type\":\"WebPage\",\"@id\":\"https:\/\/www.hondarribianjazz.eus\/es\/venta-de-entradas\/#webpage\",\"url\":\"https:\/\/www.hondarribianjazz.eus\/es\/venta-de-entradas\/\",\"name\":\"Venta de entradas - Hondarribian Jazz\",\"isPartOf\":{\"@id\":\"https:\/\/www.hondarribianjazz.eus\/eu\/#website\"},\"datePublished\":\"2022-06-20T16:25:41+00:00\",\"dateModified\":\"2022-06-27T17:20:41+00:00\",\"breadcrumb\":{\"@id\":\"https:\/\/www.hondarribianjazz.eus\/es\/venta-de-entradas\/#breadcrumb\"},\"inLanguage\":\"es\",\"potentialAction\":[{\"@type\":\"ReadAction\",\"target\":[\"https:\/\/www.hondarribianjazz.eus\/es\/venta-de-entradas\/\"]}]},{\"@type\":\"BreadcrumbList\",\"@id\":\"https:\/\/www.hondarribianjazz.eus\/es\/venta-de-entradas\/#breadcrumb\",\"itemListElement\":[{\"@type\":\"ListItem\",\"position\":1,\"name\":\"Portada\",\"item\":\"https:\/\/www.hondarribianjazz.eus\/es\/\"},{\"@type\":\"ListItem\",\"position\":2,\"name\":\"Venta de entradas\"}]}]}<\/script>\n<!-- \/ Yoast SEO plugin. -->","yoast_head_json":{"title":"Venta de entradas - Hondarribian Jazz","robots":{"index":"index","follow":"follow","max-snippet":"max-snippet:-1","max-image-preview":"max-image-preview:large","max-video-preview":"max-video-preview:-1"},"canonical":"https:\/\/www.hondarribianjazz.eus\/es\/venta-de-entradas\/","og_locale":"es_ES","og_type":"article","og_title":"Venta de entradas - Hondarribian Jazz","og_description":"Venta de entradasEn los pr\u00f3ximos d\u00edas habilitaremos la venta de entradas. Deja aqu\u00ed tu correo para que te informemos en cuanto est\u00e9n disponibles. \u00a1Te esperamos en\u00a0Hondarribian Jazz!Abono Itsas Etxea Hondarribian JazzEntradas","og_url":"https:\/\/www.hondarribianjazz.eus\/es\/venta-de-entradas\/","og_site_name":"Hondarribian Jazz","article_modified_time":"2022-06-27T17:20:41+00:00","author":"admin","twitter_card":"summary_large_image","schema":{"@context":"https:\/\/schema.org","@graph":[{"@type":"WebSite","@id":"https:\/\/www.hondarribianjazz.eus\/eu\/#website","url":"https:\/\/www.hondarribianjazz.eus\/eu\/","name":"Hondarribian Jazz","description":"","potentialAction":[{"@type":"SearchAction","target":{"@type":"EntryPoint","urlTemplate":"https:\/\/www.hondarribianjazz.eus\/eu\/?s={search_term_string}"},"query-input":"required name=search_term_string"}],"inLanguage":"es"},{"@type":"WebPage","@id":"https:\/\/www.hondarribianjazz.eus\/es\/venta-de-entradas\/#webpage","url":"https:\/\/www.hondarribianjazz.eus\/es\/venta-de-entradas\/","name":"Venta de entradas - Hondarribian Jazz","isPartOf":{"@id":"https:\/\/www.hondarribianjazz.eus\/eu\/#website"},"datePublished":"2022-06-20T16:25:41+00:00","dateModified":"2022-06-27T17:20:41+00:00","breadcrumb":{"@id":"https:\/\/www.hondarribianjazz.eus\/es\/venta-de-entradas\/#breadcrumb"},"inLanguage":"es","potentialAction":[{"@type":"ReadAction","target":["https:\/\/www.hondarribianjazz.eus\/es\/venta-de-entradas\/"]}]},{"@type":"BreadcrumbList","@id":"https:\/\/www.hondarribianjazz.eus\/es\/venta-de-entradas\/#breadcrumb","itemListElement":[{"@type":"ListItem","position":1,"name":"Portada","item":"https:\/\/www.hondarribianjazz.eus\/es\/"},{"@type":"ListItem","position":2,"name":"Venta de entradas"}]}]}},"_links":{"self":[{"href":"https:\/\/www.hondarribianjazz.eus\/es\/wp-json\/wp\/v2\/pages\/1234"}],"collection":[{"href":"https:\/\/www.hondarribianjazz.eus\/es\/wp-json\/wp\/v2\/pages"}],"about":[{"href":"https:\/\/www.hondarribianjazz.eus\/es\/wp-json\/wp\/v2\/types\/page"}],"author":[{"embeddable":true,"href":"https:\/\/www.hondarribianjazz.eus\/es\/wp-json\/wp\/v2\/users\/1"}],"replies":[{"embeddable":true,"href":"https:\/\/www.hondarribianjazz.eus\/es\/wp-json\/wp\/v2\/comments?post=1234"}],"version-history":[{"count":4,"href":"https:\/\/www.hondarribianjazz.eus\/es\/wp-json\/wp\/v2\/pages\/1234\/revisions"}],"predecessor-version":[{"id":1326,"href":"https:\/\/www.hondarribianjazz.eus\/es\/wp-json\/wp\/v2\/pages\/1234\/revisions\/1326"}],"wp:attachment":[{"href":"https:\/\/www.hondarribianjazz.eus\/es\/wp-json\/wp\/v2\/media?parent=1234"}],"curies":[{"name":"wp","href":"https:\/\/api.w.org\/{rel}","templated":true}]}}